{"id":10,"date":"2020-04-24T20:29:34","date_gmt":"2020-04-24T18:29:34","guid":{"rendered":"http:\/\/ncdp.se\/?page_id=10"},"modified":"2023-01-30T15:18:27","modified_gmt":"2023-01-30T14:18:27","slug":"varfor","status":"publish","type":"page","link":"https:\/\/ncdp.se\/en\/varfor\/","title":{"rendered":"WHY"},"content":{"rendered":"<p><strong>Our technological solution provides the capability for creative new meetings over large geographic distance while omitting notably disturbing latency, with high-quality graphic and sound quality and superior stability compared to what is on offer today within commercial products and systems. <\/strong><\/p>\n\n\n\n<p>Nordic Community for Distributed Presence\/NCDP har som huvudsyfte<strong> <\/strong>We seek to support all forms of live remote artistic performance, collaboration and arts teaching where ultra-low latency (technology with low delay) is a requirement\u00a0<\/p>\n\n\n\n<p>We envisage new possibilities for cultural exchanges in groups \u2013 not only within professional art performance but also in schools and arts schools between pupils and pupils, pupils and teachers, teachers and teachers. Group-teaching regardless of geographical location becomes a feasible capability and encourages playing music in ensembles and with others. Music students that require teaching that the local arts school can\u2019t offer in a particular instrument, kan continue their learning remotely and also connected to research. Arts schools staff can be professionally trained from tertiary institutions and schools can share their academic competencies without the need to travel to a common geographical meeting point.&nbsp;<\/p>\n\n\n\n<h2 class=\"wp-block-heading\">In terms of sustainability<\/h2>\n\n\n\n<p>The NCDP technology has the potential to drastically minimize the amount of transport and travel now necessary for rehearsals, lectures and performances. This means a reduction in recurrent heavy transport, accommodation and special arrangements locally, while simultaneously providing an optimal level of presence with minimal damage to our environment.<\/p>\n\n\n\n<p>A survey was conducted during the winter of 2020 with the arts schools in the region of V\u00e4sterbotten, in the north of Sweden. It exposed that some arts schools devote up to 80 hours\/week transporting teachers to and from venues where pupils can be gathered, most of these teachers in their own private vehicles. For academic staff this means lots of working hours spent commuting instead of teaching, many kilometres of wear and tear on both driver and vehicle as well as several factors of personal risk and uncertainty e.g. the availability and preparation of the venue, the pupils\u2019 attendance or if the teacher is inhibited, punctuality issues and other conflicts. Our project offers a \u201cPlug-n-play\u201d solution for all involved which is also an effective improvement in work environment for many.<\/p>\n\n\n\n<p>NCDP technology offers improvements in:<br>Time efficiency <br>Travel costs<br>Environmental impact<br>Competence sharing<br>Professional development<\/p>","protected":false},"excerpt":{"rendered":"<p>Tekniken \u00f6ppnar m\u00f6jligheterna f\u00f6r nya kreativa m\u00f6ten \u00f6ver stora geografiska omr\u00e5den utan k\u00e4nnbar st\u00f6rande f\u00f6rdr\u00f6jning, med mycket h\u00f6g bild- och ljudkvalitet samt \u00f6verl\u00e4gsen drifts\u00e4kerhet j\u00e4mf\u00f6rt med det som idag erbjuds i form av kommersiella produkter och system. Nordic Community for Distributed Presence\/NCDP har som huvudsyfte att i n\u00e4tverk bist\u00e5 med kompetens och tekniska l\u00f6sningar f\u00f6r<\/p>\n<div><a class=\"btn-filled btn\" href=\"https:\/\/ncdp.se\/en\/varfor\/\" title=\"WHY\">Read More<\/a><\/div>","protected":false},"author":1,"featured_media":0,"parent":0,"menu_order":0,"comment_status":"closed","ping_status":"closed","template":"","meta":{"_monsterinsights_skip_tracking":false,"_monsterinsights_sitenote_active":false,"_monsterinsights_sitenote_note":"","_monsterinsights_sitenote_category":0},"yoast_head":"<!-- This site is optimized with the Yoast SEO plugin v20.11 - https:\/\/yoast.com\/wordpress\/plugins\/seo\/ -->\n<title>VARF\u00d6R &ndash; Remote North<\/title>\n<meta name=\"robots\" content=\"index, follow, max-snippet:-1, max-image-preview:large, max-video-preview:-1\" \/>\n<link rel=\"canonical\" href=\"https:\/\/ncdp.se\/en\/varfor\/\" \/>\n<meta property=\"og:locale\" content=\"en_GB\" \/>\n<meta property=\"og:type\" content=\"article\" \/>\n<meta property=\"og:title\" content=\"VARF\u00d6R &ndash; Remote North\" \/>\n<meta property=\"og:description\" content=\"Tekniken \u00f6ppnar m\u00f6jligheterna f\u00f6r nya kreativa m\u00f6ten \u00f6ver stora geografiska omr\u00e5den utan k\u00e4nnbar st\u00f6rande f\u00f6rdr\u00f6jning, med mycket h\u00f6g bild- och ljudkvalitet samt \u00f6verl\u00e4gsen drifts\u00e4kerhet j\u00e4mf\u00f6rt med det som idag erbjuds i form av kommersiella produkter och system. Nordic Community for Distributed Presence\/NCDP har som huvudsyfte att i n\u00e4tverk bist\u00e5 med kompetens och tekniska l\u00f6sningar f\u00f6rRead More\" \/>\n<meta property=\"og:url\" content=\"https:\/\/ncdp.se\/en\/varfor\/\" \/>\n<meta property=\"og:site_name\" content=\"Remote North\" \/>\n<meta property=\"article:publisher\" content=\"https:\/\/www.facebook.com\/NCDPremotenorth\" \/>\n<meta property=\"article:modified_time\" content=\"2023-01-30T14:18:27+00:00\" \/>\n<meta name=\"twitter:card\" content=\"summary_large_image\" \/>\n<meta name=\"twitter:label1\" content=\"Estimated reading time\" \/>\n\t<meta name=\"twitter:data1\" content=\"2 minutes\" \/>\n<script type=\"application\/ld+json\" class=\"yoast-schema-graph\">{\"@context\":\"https:\/\/schema.org\",\"@graph\":[{\"@type\":\"WebPage\",\"@id\":\"https:\/\/ncdp.se\/varfor\/\",\"url\":\"https:\/\/ncdp.se\/varfor\/\",\"name\":\"VARF\u00d6R &ndash; Remote North\",\"isPartOf\":{\"@id\":\"https:\/\/ncdp.se\/en\/#website\"},\"datePublished\":\"2020-04-24T18:29:34+00:00\",\"dateModified\":\"2023-01-30T14:18:27+00:00\",\"breadcrumb\":{\"@id\":\"https:\/\/ncdp.se\/varfor\/#breadcrumb\"},\"inLanguage\":\"en-GB\",\"potentialAction\":[{\"@type\":\"ReadAction\",\"target\":[\"https:\/\/ncdp.se\/varfor\/\"]}]},{\"@type\":\"BreadcrumbList\",\"@id\":\"https:\/\/ncdp.se\/varfor\/#breadcrumb\",\"itemListElement\":[{\"@type\":\"ListItem\",\"position\":1,\"name\":\"Hem\",\"item\":\"https:\/\/ncdp.se\/en\/\"},{\"@type\":\"ListItem\",\"position\":2,\"name\":\"VARF\u00d6R\"}]},{\"@type\":\"WebSite\",\"@id\":\"https:\/\/ncdp.se\/en\/#website\",\"url\":\"https:\/\/ncdp.se\/en\/\",\"name\":\"Remote North\",\"description\":\"Nordic Center for Digital Presence\",\"publisher\":{\"@id\":\"https:\/\/ncdp.se\/en\/#organization\"},\"potentialAction\":[{\"@type\":\"SearchAction\",\"target\":{\"@type\":\"EntryPoint\",\"urlTemplate\":\"https:\/\/ncdp.se\/en\/?s={search_term_string}\"},\"query-input\":\"required name=search_term_string\"}],\"inLanguage\":\"en-GB\"},{\"@type\":\"Organization\",\"@id\":\"https:\/\/ncdp.se\/en\/#organization\",\"name\":\"Remote North\/NCDP\",\"url\":\"https:\/\/ncdp.se\/en\/\",\"logo\":{\"@type\":\"ImageObject\",\"inLanguage\":\"en-GB\",\"@id\":\"https:\/\/ncdp.se\/en\/#\/schema\/logo\/image\/\",\"url\":\"https:\/\/ncdp.se\/wp-content\/uploads\/2020\/04\/2Resurs-2.png\",\"contentUrl\":\"https:\/\/ncdp.se\/wp-content\/uploads\/2020\/04\/2Resurs-2.png\",\"width\":1776,\"height\":510,\"caption\":\"Remote North\/NCDP\"},\"image\":{\"@id\":\"https:\/\/ncdp.se\/en\/#\/schema\/logo\/image\/\"},\"sameAs\":[\"https:\/\/www.facebook.com\/NCDPremotenorth\",\"https:\/\/www.youtube.com\/channel\/UCPNO33crZy2po9EkRo1akOg\"]}]}<\/script>\n<!-- \/ Yoast SEO plugin. -->","yoast_head_json":{"title":"VARF\u00d6R &ndash; Remote North","robots":{"index":"index","follow":"follow","max-snippet":"max-snippet:-1","max-image-preview":"max-image-preview:large","max-video-preview":"max-video-preview:-1"},"canonical":"https:\/\/ncdp.se\/en\/varfor\/","og_locale":"en_GB","og_type":"article","og_title":"VARF\u00d6R &ndash; Remote North","og_description":"Tekniken \u00f6ppnar m\u00f6jligheterna f\u00f6r nya kreativa m\u00f6ten \u00f6ver stora geografiska omr\u00e5den utan k\u00e4nnbar st\u00f6rande f\u00f6rdr\u00f6jning, med mycket h\u00f6g bild- och ljudkvalitet samt \u00f6verl\u00e4gsen drifts\u00e4kerhet j\u00e4mf\u00f6rt med det som idag erbjuds i form av kommersiella produkter och system. Nordic Community for Distributed Presence\/NCDP har som huvudsyfte att i n\u00e4tverk bist\u00e5 med kompetens och tekniska l\u00f6sningar f\u00f6rRead More","og_url":"https:\/\/ncdp.se\/en\/varfor\/","og_site_name":"Remote North","article_publisher":"https:\/\/www.facebook.com\/NCDPremotenorth","article_modified_time":"2023-01-30T14:18:27+00:00","twitter_card":"summary_large_image","twitter_misc":{"Estimated reading time":"2 minutes"},"schema":{"@context":"https:\/\/schema.org","@graph":[{"@type":"WebPage","@id":"https:\/\/ncdp.se\/varfor\/","url":"https:\/\/ncdp.se\/varfor\/","name":"VARF\u00d6R &ndash; Remote North","isPartOf":{"@id":"https:\/\/ncdp.se\/en\/#website"},"datePublished":"2020-04-24T18:29:34+00:00","dateModified":"2023-01-30T14:18:27+00:00","breadcrumb":{"@id":"https:\/\/ncdp.se\/varfor\/#breadcrumb"},"inLanguage":"en-GB","potentialAction":[{"@type":"ReadAction","target":["https:\/\/ncdp.se\/varfor\/"]}]},{"@type":"BreadcrumbList","@id":"https:\/\/ncdp.se\/varfor\/#breadcrumb","itemListElement":[{"@type":"ListItem","position":1,"name":"Hem","item":"https:\/\/ncdp.se\/en\/"},{"@type":"ListItem","position":2,"name":"VARF\u00d6R"}]},{"@type":"WebSite","@id":"https:\/\/ncdp.se\/en\/#website","url":"https:\/\/ncdp.se\/en\/","name":"Remote North","description":"Nordic Center for Digital Presence","publisher":{"@id":"https:\/\/ncdp.se\/en\/#organization"},"potentialAction":[{"@type":"SearchAction","target":{"@type":"EntryPoint","urlTemplate":"https:\/\/ncdp.se\/en\/?s={search_term_string}"},"query-input":"required name=search_term_string"}],"inLanguage":"en-GB"},{"@type":"Organization","@id":"https:\/\/ncdp.se\/en\/#organization","name":"Remote North\/NCDP","url":"https:\/\/ncdp.se\/en\/","logo":{"@type":"ImageObject","inLanguage":"en-GB","@id":"https:\/\/ncdp.se\/en\/#\/schema\/logo\/image\/","url":"https:\/\/ncdp.se\/wp-content\/uploads\/2020\/04\/2Resurs-2.png","contentUrl":"https:\/\/ncdp.se\/wp-content\/uploads\/2020\/04\/2Resurs-2.png","width":1776,"height":510,"caption":"Remote North\/NCDP"},"image":{"@id":"https:\/\/ncdp.se\/en\/#\/schema\/logo\/image\/"},"sameAs":["https:\/\/www.facebook.com\/NCDPremotenorth","https:\/\/www.youtube.com\/channel\/UCPNO33crZy2po9EkRo1akOg"]}]}},"_links":{"self":[{"href":"https:\/\/ncdp.se\/en\/wp-json\/wp\/v2\/pages\/10"}],"collection":[{"href":"https:\/\/ncdp.se\/en\/wp-json\/wp\/v2\/pages"}],"about":[{"href":"https:\/\/ncdp.se\/en\/wp-json\/wp\/v2\/types\/page"}],"author":[{"embeddable":true,"href":"https:\/\/ncdp.se\/en\/wp-json\/wp\/v2\/users\/1"}],"replies":[{"embeddable":true,"href":"https:\/\/ncdp.se\/en\/wp-json\/wp\/v2\/comments?post=10"}],"version-history":[{"count":6,"href":"https:\/\/ncdp.se\/en\/wp-json\/wp\/v2\/pages\/10\/revisions"}],"predecessor-version":[{"id":576,"href":"https:\/\/ncdp.se\/en\/wp-json\/wp\/v2\/pages\/10\/revisions\/576"}],"wp:attachment":[{"href":"https:\/\/ncdp.se\/en\/wp-json\/wp\/v2\/media?parent=10"}],"curies":[{"name":"wp","href":"https:\/\/api.w.org\/{rel}","templated":true}]}}