{"id":12,"date":"2020-04-24T20:30:14","date_gmt":"2020-04-24T18:30:14","guid":{"rendered":"http:\/\/ncdp.se\/?page_id=12"},"modified":"2020-05-18T17:34:51","modified_gmt":"2020-05-18T15:34:51","slug":"hur","status":"publish","type":"page","link":"https:\/\/ncdp.se\/en\/hur\/","title":{"rendered":"HOW"},"content":{"rendered":"<h2 class=\"wp-block-heading\"><strong>How does Remote North\/NCDP work?<\/strong><\/h2>\n\n\n\n<p><strong>NCDP negotiates <\/strong>about conducting preliminary analyses and pilot projects in regions and municipalities. The results of these provide decision-makers within national, regional and local governance with valuable information as to how to develop a grass-roots digitalization with existing infrastructure and include rural areas in the range of community service that normally is reserved for urban areas.&nbsp;<\/p>\n\n\n\n<p><strong>The results of the analyses and pilot projects and eventually identify new target groups<\/strong> for private and telecom operator services. The projects will also identify potential activities for venues that today are underutilized. NCDP has a goal to deliver qualified and valuable documentation for all parties in the projects as well as for politicians and public servants in municipalities and regions.<\/p>\n\n\n\n<p><strong>Format for remote presence<\/strong><br><br><strong>1. Music Education:<\/strong>&nbsp;1-on-1 education via distance learning.<br><strong>2. Conferences, smaller-sized ensembles:<\/strong>&nbsp;several stages, rehearsals, performing arts.<br><strong>3. Theatres and concert halls:<\/strong>&nbsp;Large-scale theatres and concert halls are connected together in an environment with no perceivable delay.<\/p>\n\n\n\n<figure class=\"wp-block-image size-large is-resized\"><img decoding=\"async\" loading=\"lazy\" src=\"http:\/\/media.ncdp.se\/2020\/04\/NCDP3-1024x520.png\" alt=\"\" class=\"wp-image-205\" width=\"740\" height=\"390\"\/><\/figure>\n\n\n\n<h2 class=\"wp-block-heading\"><strong>Funding Structure<\/strong><\/h2>\n\n\n\n<p>Private and public sector producers and operators contribute through providing subsidization.<\/p>\n\n\n\n<p>Local, regional and national government contribute with the cost for infrastructure and establishment.<\/p>\n\n\n\n<p>EU and private scholarships contribute to support the network with funding for project implementation.<\/p>\n\n\n\n<figure class=\"wp-block-image size-large is-resized\"><img decoding=\"async\" loading=\"lazy\" src=\"http:\/\/media.ncdp.se\/2020\/04\/NCDP2-1024x703.png\" alt=\"\" class=\"wp-image-196\" width=\"768\" height=\"527\" srcset=\"https:\/\/ncdp.se\/wp-content\/uploads\/2020\/04\/NCDP2-1024x703.png 1024w, https:\/\/ncdp.se\/wp-content\/uploads\/2020\/04\/NCDP2-300x206.png 300w, https:\/\/ncdp.se\/wp-content\/uploads\/2020\/04\/NCDP2-768x528.png 768w, https:\/\/ncdp.se\/wp-content\/uploads\/2020\/04\/NCDP2.png 1188w\" sizes=\"(max-width: 768px) 100vw, 768px\" \/><\/figure>\n\n\n\n<p><\/p>","protected":false},"excerpt":{"rendered":"<p>Hur arbetar NCDP? NCDP f\u00f6rhandlar om f\u00f6runders\u00f6kningar och pilotprojekt att genomf\u00f6ra i regioner och kommuner. Resultatet av dessa ger beslutsfattare inom stat, region och kommuner underlag f\u00f6r hur man med befintlig infrastruktur kan g\u00f6ra en gr\u00e4srotsdigitalisering och inkludera gles- och landsbygd i det utbud av samh\u00e4llsservice som endast erbjuds i centralorterna.&nbsp; F\u00f6runders\u00f6kningar och pilotprojekten kan<\/p>\n<div><a class=\"btn-filled btn\" href=\"https:\/\/ncdp.se\/en\/hur\/\" title=\"HOW\">Read More<\/a><\/div>","protected":false},"author":1,"featured_media":0,"parent":0,"menu_order":0,"comment_status":"closed","ping_status":"closed","template":"","meta":{"_monsterinsights_skip_tracking":false,"_monsterinsights_sitenote_active":false,"_monsterinsights_sitenote_note":"","_monsterinsights_sitenote_category":0},"yoast_head":"<!-- This site is optimized with the Yoast SEO plugin v20.11 - https:\/\/yoast.com\/wordpress\/plugins\/seo\/ -->\n<title>HUR &ndash; Remote North<\/title>\n<meta name=\"robots\" content=\"index, follow, max-snippet:-1, max-image-preview:large, max-video-preview:-1\" \/>\n<link rel=\"canonical\" href=\"https:\/\/ncdp.se\/en\/hur\/\" \/>\n<meta property=\"og:locale\" content=\"en_GB\" \/>\n<meta property=\"og:type\" content=\"article\" \/>\n<meta property=\"og:title\" content=\"HUR &ndash; Remote North\" \/>\n<meta property=\"og:description\" content=\"Hur arbetar NCDP? NCDP f\u00f6rhandlar om f\u00f6runders\u00f6kningar och pilotprojekt att genomf\u00f6ra i regioner och kommuner. Resultatet av dessa ger beslutsfattare inom stat, region och kommuner underlag f\u00f6r hur man med befintlig infrastruktur kan g\u00f6ra en gr\u00e4srotsdigitalisering och inkludera gles- och landsbygd i det utbud av samh\u00e4llsservice som endast erbjuds i centralorterna.&nbsp; F\u00f6runders\u00f6kningar och pilotprojekten kanRead More\" \/>\n<meta property=\"og:url\" content=\"https:\/\/ncdp.se\/en\/hur\/\" \/>\n<meta property=\"og:site_name\" content=\"Remote North\" \/>\n<meta property=\"article:publisher\" content=\"https:\/\/www.facebook.com\/NCDPremotenorth\" \/>\n<meta property=\"article:modified_time\" content=\"2020-05-18T15:34:51+00:00\" \/>\n<meta property=\"og:image\" content=\"http:\/\/media.ncdp.se\/2020\/04\/NCDP3-1024x520.png\" \/>\n<meta name=\"twitter:card\" content=\"summary_large_image\" \/>\n<meta name=\"twitter:label1\" content=\"Estimated reading time\" \/>\n\t<meta name=\"twitter:data1\" content=\"1 minute\" \/>\n<script type=\"application\/ld+json\" class=\"yoast-schema-graph\">{\"@context\":\"https:\/\/schema.org\",\"@graph\":[{\"@type\":\"WebPage\",\"@id\":\"https:\/\/ncdp.se\/hur\/\",\"url\":\"https:\/\/ncdp.se\/hur\/\",\"name\":\"HUR &ndash; Remote North\",\"isPartOf\":{\"@id\":\"https:\/\/ncdp.se\/en\/#website\"},\"datePublished\":\"2020-04-24T18:30:14+00:00\",\"dateModified\":\"2020-05-18T15:34:51+00:00\",\"breadcrumb\":{\"@id\":\"https:\/\/ncdp.se\/hur\/#breadcrumb\"},\"inLanguage\":\"en-GB\",\"potentialAction\":[{\"@type\":\"ReadAction\",\"target\":[\"https:\/\/ncdp.se\/hur\/\"]}]},{\"@type\":\"BreadcrumbList\",\"@id\":\"https:\/\/ncdp.se\/hur\/#breadcrumb\",\"itemListElement\":[{\"@type\":\"ListItem\",\"position\":1,\"name\":\"Hem\",\"item\":\"https:\/\/ncdp.se\/en\/\"},{\"@type\":\"ListItem\",\"position\":2,\"name\":\"HUR\"}]},{\"@type\":\"WebSite\",\"@id\":\"https:\/\/ncdp.se\/en\/#website\",\"url\":\"https:\/\/ncdp.se\/en\/\",\"name\":\"Remote North\",\"description\":\"Nordic Center for Digital Presence\",\"publisher\":{\"@id\":\"https:\/\/ncdp.se\/en\/#organization\"},\"potentialAction\":[{\"@type\":\"SearchAction\",\"target\":{\"@type\":\"EntryPoint\",\"urlTemplate\":\"https:\/\/ncdp.se\/en\/?s={search_term_string}\"},\"query-input\":\"required name=search_term_string\"}],\"inLanguage\":\"en-GB\"},{\"@type\":\"Organization\",\"@id\":\"https:\/\/ncdp.se\/en\/#organization\",\"name\":\"Remote North\/NCDP\",\"url\":\"https:\/\/ncdp.se\/en\/\",\"logo\":{\"@type\":\"ImageObject\",\"inLanguage\":\"en-GB\",\"@id\":\"https:\/\/ncdp.se\/en\/#\/schema\/logo\/image\/\",\"url\":\"https:\/\/ncdp.se\/wp-content\/uploads\/2020\/04\/2Resurs-2.png\",\"contentUrl\":\"https:\/\/ncdp.se\/wp-content\/uploads\/2020\/04\/2Resurs-2.png\",\"width\":1776,\"height\":510,\"caption\":\"Remote North\/NCDP\"},\"image\":{\"@id\":\"https:\/\/ncdp.se\/en\/#\/schema\/logo\/image\/\"},\"sameAs\":[\"https:\/\/www.facebook.com\/NCDPremotenorth\",\"https:\/\/www.youtube.com\/channel\/UCPNO33crZy2po9EkRo1akOg\"]}]}<\/script>\n<!-- \/ Yoast SEO plugin. -->","yoast_head_json":{"title":"HUR &ndash; Remote North","robots":{"index":"index","follow":"follow","max-snippet":"max-snippet:-1","max-image-preview":"max-image-preview:large","max-video-preview":"max-video-preview:-1"},"canonical":"https:\/\/ncdp.se\/en\/hur\/","og_locale":"en_GB","og_type":"article","og_title":"HUR &ndash; Remote North","og_description":"Hur arbetar NCDP? NCDP f\u00f6rhandlar om f\u00f6runders\u00f6kningar och pilotprojekt att genomf\u00f6ra i regioner och kommuner. Resultatet av dessa ger beslutsfattare inom stat, region och kommuner underlag f\u00f6r hur man med befintlig infrastruktur kan g\u00f6ra en gr\u00e4srotsdigitalisering och inkludera gles- och landsbygd i det utbud av samh\u00e4llsservice som endast erbjuds i centralorterna.&nbsp; F\u00f6runders\u00f6kningar och pilotprojekten kanRead More","og_url":"https:\/\/ncdp.se\/en\/hur\/","og_site_name":"Remote North","article_publisher":"https:\/\/www.facebook.com\/NCDPremotenorth","article_modified_time":"2020-05-18T15:34:51+00:00","og_image":[{"url":"http:\/\/media.ncdp.se\/2020\/04\/NCDP3-1024x520.png"}],"twitter_card":"summary_large_image","twitter_misc":{"Estimated reading time":"1 minute"},"schema":{"@context":"https:\/\/schema.org","@graph":[{"@type":"WebPage","@id":"https:\/\/ncdp.se\/hur\/","url":"https:\/\/ncdp.se\/hur\/","name":"HUR &ndash; Remote North","isPartOf":{"@id":"https:\/\/ncdp.se\/en\/#website"},"datePublished":"2020-04-24T18:30:14+00:00","dateModified":"2020-05-18T15:34:51+00:00","breadcrumb":{"@id":"https:\/\/ncdp.se\/hur\/#breadcrumb"},"inLanguage":"en-GB","potentialAction":[{"@type":"ReadAction","target":["https:\/\/ncdp.se\/hur\/"]}]},{"@type":"BreadcrumbList","@id":"https:\/\/ncdp.se\/hur\/#breadcrumb","itemListElement":[{"@type":"ListItem","position":1,"name":"Hem","item":"https:\/\/ncdp.se\/en\/"},{"@type":"ListItem","position":2,"name":"HUR"}]},{"@type":"WebSite","@id":"https:\/\/ncdp.se\/en\/#website","url":"https:\/\/ncdp.se\/en\/","name":"Remote North","description":"Nordic Center for Digital Presence","publisher":{"@id":"https:\/\/ncdp.se\/en\/#organization"},"potentialAction":[{"@type":"SearchAction","target":{"@type":"EntryPoint","urlTemplate":"https:\/\/ncdp.se\/en\/?s={search_term_string}"},"query-input":"required name=search_term_string"}],"inLanguage":"en-GB"},{"@type":"Organization","@id":"https:\/\/ncdp.se\/en\/#organization","name":"Remote North\/NCDP","url":"https:\/\/ncdp.se\/en\/","logo":{"@type":"ImageObject","inLanguage":"en-GB","@id":"https:\/\/ncdp.se\/en\/#\/schema\/logo\/image\/","url":"https:\/\/ncdp.se\/wp-content\/uploads\/2020\/04\/2Resurs-2.png","contentUrl":"https:\/\/ncdp.se\/wp-content\/uploads\/2020\/04\/2Resurs-2.png","width":1776,"height":510,"caption":"Remote North\/NCDP"},"image":{"@id":"https:\/\/ncdp.se\/en\/#\/schema\/logo\/image\/"},"sameAs":["https:\/\/www.facebook.com\/NCDPremotenorth","https:\/\/www.youtube.com\/channel\/UCPNO33crZy2po9EkRo1akOg"]}]}},"_links":{"self":[{"href":"https:\/\/ncdp.se\/en\/wp-json\/wp\/v2\/pages\/12"}],"collection":[{"href":"https:\/\/ncdp.se\/en\/wp-json\/wp\/v2\/pages"}],"about":[{"href":"https:\/\/ncdp.se\/en\/wp-json\/wp\/v2\/types\/page"}],"author":[{"embeddable":true,"href":"https:\/\/ncdp.se\/en\/wp-json\/wp\/v2\/users\/1"}],"replies":[{"embeddable":true,"href":"https:\/\/ncdp.se\/en\/wp-json\/wp\/v2\/comments?post=12"}],"version-history":[{"count":14,"href":"https:\/\/ncdp.se\/en\/wp-json\/wp\/v2\/pages\/12\/revisions"}],"predecessor-version":[{"id":630,"href":"https:\/\/ncdp.se\/en\/wp-json\/wp\/v2\/pages\/12\/revisions\/630"}],"wp:attachment":[{"href":"https:\/\/ncdp.se\/en\/wp-json\/wp\/v2\/media?parent=12"}],"curies":[{"name":"wp","href":"https:\/\/api.w.org\/{rel}","templated":true}]}}