{"id":21,"date":"2020-04-24T20:33:42","date_gmt":"2020-04-24T18:33:42","guid":{"rendered":"http:\/\/ncdp.se\/?page_id=21"},"modified":"2023-05-22T14:54:18","modified_gmt":"2023-05-22T12:54:18","slug":"kontakt","status":"publish","type":"page","link":"https:\/\/ncdp.se\/en\/kontakt\/","title":{"rendered":"CONTACT"},"content":{"rendered":"<p>Do you want to know more about the project or are interested in joining? Contact Us! <\/p>\n\n\n<div class=\"wpforms-container wpforms-container-full\" id=\"wpforms-625\"><form id=\"wpforms-form-625\" class=\"wpforms-validate wpforms-form\" data-formid=\"625\" method=\"post\" enctype=\"multipart\/form-data\" action=\"\/en\/wp-json\/wp\/v2\/pages\/21\" data-token=\"32e832898f9c1ba4266df307ccb7d775\" data-trp-original-action=\"\/en\/wp-json\/wp\/v2\/pages\/21\"><noscript class=\"wpforms-error-noscript\">Please enable JavaScript in your browser to complete this form.<\/noscript><div class=\"wpforms-field-container\"><div id=\"wpforms-625-field_0-container\" class=\"wpforms-field wpforms-field-name form\" data-field-id=\"0\"><label class=\"wpforms-field-label\" for=\"wpforms-625-field_0\">Name <span class=\"wpforms-required-label\">*<\/span><\/label><input type=\"text\" id=\"wpforms-625-field_0\" class=\"wpforms-field-medium wpforms-field-required\" name=\"wpforms[fields][0]\" required><\/div><div id=\"wpforms-625-field_1-container\" class=\"wpforms-field wpforms-field-email form\" data-field-id=\"1\"><label class=\"wpforms-field-label\" for=\"wpforms-625-field_1\">Email <span class=\"wpforms-required-label\">*<\/span><\/label><input type=\"email\" id=\"wpforms-625-field_1\" class=\"wpforms-field-medium wpforms-field-required\" name=\"wpforms[fields][1]\" spellcheck=\"false\" required><\/div><div id=\"wpforms-625-field_4-container\" class=\"wpforms-field wpforms-field-text form\" data-field-id=\"4\"><label class=\"wpforms-field-label\" for=\"wpforms-625-field_4\">Organisation<\/label><input type=\"text\" id=\"wpforms-625-field_4\" class=\"wpforms-field-medium\" name=\"wpforms[fields][4]\" ><\/div><div id=\"wpforms-625-field_3-container\" class=\"wpforms-field wpforms-field-number form\" data-field-id=\"3\"><label class=\"wpforms-field-label\" for=\"wpforms-625-field_3\">Phone number<\/label><input type=\"number\" pattern=\"\\d*\" id=\"wpforms-625-field_3\" class=\"wpforms-field-medium\" name=\"wpforms[fields][3]\" ><\/div><div id=\"wpforms-625-field_2-container\" class=\"wpforms-field wpforms-field-textarea form\" data-field-id=\"2\"><label class=\"wpforms-field-label\" for=\"wpforms-625-field_2\">Message <span class=\"wpforms-required-label\">*<\/span><\/label><textarea id=\"wpforms-625-field_2\" class=\"wpforms-field-medium wpforms-field-required\" name=\"wpforms[fields][2]\" required><\/textarea><\/div><\/div><!-- .wpforms-field-container --><div class=\"wpforms-field wpforms-field-hp\"><label for=\"wpforms-625-field-hp\" class=\"wpforms-field-label\">Message<\/label><input type=\"text\" name=\"wpforms[hp]\" id=\"wpforms-625-field-hp\" class=\"wpforms-field-medium\"><\/div><div class=\"wpforms-recaptcha-container wpforms-is-recaptcha\" ><div class=\"g-recaptcha\" data-sitekey=\"6LdE4h4gAAAAAEXAZx2eASgYCPgLI-ZP3NxZRCcj\"><\/div><input type=\"text\" name=\"g-recaptcha-hidden\" class=\"wpforms-recaptcha-hidden\" style=\"position:absolute!important;clip:rect(0,0,0,0)!important;height:1px!important;width:1px!important;border:0!important;overflow:hidden!important;padding:0!important;margin:0!important;\" data-rule-recaptcha=\"1\"><\/div><div class=\"wpforms-submit-container\" ><input type=\"hidden\" name=\"wpforms[id]\" value=\"625\"><input type=\"hidden\" name=\"wpforms[author]\" value=\"1\"><button type=\"submit\" name=\"wpforms[submit]\" id=\"wpforms-submit-625\" class=\"wpforms-submit button\" data-alt-text=\"Skickar\" data-submit-text=\"Skicka\" aria-live=\"assertive\" value=\"wpforms-submit\">Submit<\/button><\/div><input type=\"hidden\" name=\"trp-form-language\" value=\"en\"\/><\/form><\/div>  <!-- .wpforms-container -->\n\n\n\n<h2 class=\"wp-block-heading\">N\u00e4tverket Nordic Community for Distributed Presence\/ NCDP<\/h2>\n\n\n\n<p><strong>The main goal of NCDP is, through offering competency and technical solutions, to create live remote presence. NCDP provides the capability for creative new meetings over large geographic distance while omitting notably disturbing latency. NCDP offers a technical platform which combines innovative hardware and software connected to existing fiber-optic technology.<\/strong> The network consists of an open and voluntary commitment with a few that have taken a more operative responsibility within the project.<\/p>\n\n\n\n<p><strong>M\u00e5rten Fr\u00f6jd\u00f6, <\/strong>Project management, prestudy &amp; projects<br>marten (at) ncdp.eu<br>+358 45 73700701<\/p>\n\n\n\n<p><strong>Mats Erixon<\/strong>, Stiftelsen Folkets Hubb, technology, system<br>mex (at) ncdp.eu<\/p>\n\n\n\n<p><strong>Riku Roihankorpi, <\/strong>research and theatre, Tampere University<br>riku.roihankorpi (at) tuni.fi<\/p>\n\n\n\n<p><strong>Ian Plaude<\/strong>, SMI, live remote music teaching<br>rektor (at) smi.se<\/p>\n\n\n\n<p><strong>Ann-Cathrine Fr\u00f6jd\u00f6-Brandt<\/strong>, Riksteatern, content and stage performance<br>ann-cathrine.frojdo (at) riksteatern.se<\/p>","protected":false},"excerpt":{"rendered":"<p>Vill du veta mer om projektet eller \u00e4r intresserad av att bli medlem? Kontakta oss! N\u00e4tverket Nordic Community for Distributed Presence\/ NCDP Huvudsyftet med plattformen NCDP \u00e4r att i ett n\u00e4tverk bist\u00e5 med kompetens och teknik f\u00f6r formatet distansn\u00e4rvaro. Vi \u00f6ppnar d\u00f6rrar f\u00f6r nya kreativa m\u00f6ten \u00f6ver stora geografiska omr\u00e5den genom teknik. Idag bygger detta<\/p>\n<div><a class=\"btn-filled btn\" href=\"https:\/\/ncdp.se\/en\/kontakt\/\" title=\"CONTACT\">Read More<\/a><\/div>","protected":false},"author":1,"featured_media":0,"parent":0,"menu_order":0,"comment_status":"closed","ping_status":"closed","template":"","meta":{"_monsterinsights_skip_tracking":false,"_monsterinsights_sitenote_active":false,"_monsterinsights_sitenote_note":"","_monsterinsights_sitenote_category":0},"yoast_head":"<!-- This site is optimized with the Yoast SEO plugin v20.11 - https:\/\/yoast.com\/wordpress\/plugins\/seo\/ -->\n<title>KONTAKT &ndash; Remote North<\/title>\n<meta name=\"robots\" content=\"index, follow, max-snippet:-1, max-image-preview:large, max-video-preview:-1\" \/>\n<link rel=\"canonical\" href=\"https:\/\/ncdp.se\/en\/kontakt\/\" \/>\n<meta property=\"og:locale\" content=\"en_GB\" \/>\n<meta property=\"og:type\" content=\"article\" \/>\n<meta property=\"og:title\" content=\"KONTAKT &ndash; Remote North\" \/>\n<meta property=\"og:description\" content=\"Vill du veta mer om projektet eller \u00e4r intresserad av att bli medlem? Kontakta oss! N\u00e4tverket Nordic Community for Distributed Presence\/ NCDP Huvudsyftet med plattformen NCDP \u00e4r att i ett n\u00e4tverk bist\u00e5 med kompetens och teknik f\u00f6r formatet distansn\u00e4rvaro. Vi \u00f6ppnar d\u00f6rrar f\u00f6r nya kreativa m\u00f6ten \u00f6ver stora geografiska omr\u00e5den genom teknik. Idag bygger dettaRead More\" \/>\n<meta property=\"og:url\" content=\"https:\/\/ncdp.se\/en\/kontakt\/\" \/>\n<meta property=\"og:site_name\" content=\"Remote North\" \/>\n<meta property=\"article:publisher\" content=\"https:\/\/www.facebook.com\/NCDPremotenorth\" \/>\n<meta property=\"article:modified_time\" content=\"2023-05-22T12:54:18+00:00\" \/>\n<meta name=\"twitter:card\" content=\"summary_large_image\" \/>\n<meta name=\"twitter:label1\" content=\"Estimated reading time\" \/>\n\t<meta name=\"twitter:data1\" content=\"1 minute\" \/>\n<script type=\"application\/ld+json\" class=\"yoast-schema-graph\">{\"@context\":\"https:\/\/schema.org\",\"@graph\":[{\"@type\":\"WebPage\",\"@id\":\"https:\/\/ncdp.se\/kontakt\/\",\"url\":\"https:\/\/ncdp.se\/kontakt\/\",\"name\":\"KONTAKT &ndash; Remote North\",\"isPartOf\":{\"@id\":\"https:\/\/ncdp.se\/en\/#website\"},\"datePublished\":\"2020-04-24T18:33:42+00:00\",\"dateModified\":\"2023-05-22T12:54:18+00:00\",\"breadcrumb\":{\"@id\":\"https:\/\/ncdp.se\/kontakt\/#breadcrumb\"},\"inLanguage\":\"en-GB\",\"potentialAction\":[{\"@type\":\"ReadAction\",\"target\":[\"https:\/\/ncdp.se\/kontakt\/\"]}]},{\"@type\":\"BreadcrumbList\",\"@id\":\"https:\/\/ncdp.se\/kontakt\/#breadcrumb\",\"itemListElement\":[{\"@type\":\"ListItem\",\"position\":1,\"name\":\"Hem\",\"item\":\"https:\/\/ncdp.se\/en\/\"},{\"@type\":\"ListItem\",\"position\":2,\"name\":\"KONTAKT\"}]},{\"@type\":\"WebSite\",\"@id\":\"https:\/\/ncdp.se\/en\/#website\",\"url\":\"https:\/\/ncdp.se\/en\/\",\"name\":\"Remote North\",\"description\":\"Nordic Center for Digital Presence\",\"publisher\":{\"@id\":\"https:\/\/ncdp.se\/en\/#organization\"},\"potentialAction\":[{\"@type\":\"SearchAction\",\"target\":{\"@type\":\"EntryPoint\",\"urlTemplate\":\"https:\/\/ncdp.se\/en\/?s={search_term_string}\"},\"query-input\":\"required name=search_term_string\"}],\"inLanguage\":\"en-GB\"},{\"@type\":\"Organization\",\"@id\":\"https:\/\/ncdp.se\/en\/#organization\",\"name\":\"Remote North\/NCDP\",\"url\":\"https:\/\/ncdp.se\/en\/\",\"logo\":{\"@type\":\"ImageObject\",\"inLanguage\":\"en-GB\",\"@id\":\"https:\/\/ncdp.se\/en\/#\/schema\/logo\/image\/\",\"url\":\"https:\/\/ncdp.se\/wp-content\/uploads\/2020\/04\/2Resurs-2.png\",\"contentUrl\":\"https:\/\/ncdp.se\/wp-content\/uploads\/2020\/04\/2Resurs-2.png\",\"width\":1776,\"height\":510,\"caption\":\"Remote North\/NCDP\"},\"image\":{\"@id\":\"https:\/\/ncdp.se\/en\/#\/schema\/logo\/image\/\"},\"sameAs\":[\"https:\/\/www.facebook.com\/NCDPremotenorth\",\"https:\/\/www.youtube.com\/channel\/UCPNO33crZy2po9EkRo1akOg\"]}]}<\/script>\n<!-- \/ Yoast SEO plugin. -->","yoast_head_json":{"title":"KONTAKT &ndash; Remote North","robots":{"index":"index","follow":"follow","max-snippet":"max-snippet:-1","max-image-preview":"max-image-preview:large","max-video-preview":"max-video-preview:-1"},"canonical":"https:\/\/ncdp.se\/en\/kontakt\/","og_locale":"en_GB","og_type":"article","og_title":"KONTAKT &ndash; Remote North","og_description":"Vill du veta mer om projektet eller \u00e4r intresserad av att bli medlem? Kontakta oss! N\u00e4tverket Nordic Community for Distributed Presence\/ NCDP Huvudsyftet med plattformen NCDP \u00e4r att i ett n\u00e4tverk bist\u00e5 med kompetens och teknik f\u00f6r formatet distansn\u00e4rvaro. Vi \u00f6ppnar d\u00f6rrar f\u00f6r nya kreativa m\u00f6ten \u00f6ver stora geografiska omr\u00e5den genom teknik. Idag bygger dettaRead More","og_url":"https:\/\/ncdp.se\/en\/kontakt\/","og_site_name":"Remote North","article_publisher":"https:\/\/www.facebook.com\/NCDPremotenorth","article_modified_time":"2023-05-22T12:54:18+00:00","twitter_card":"summary_large_image","twitter_misc":{"Estimated reading time":"1 minute"},"schema":{"@context":"https:\/\/schema.org","@graph":[{"@type":"WebPage","@id":"https:\/\/ncdp.se\/kontakt\/","url":"https:\/\/ncdp.se\/kontakt\/","name":"KONTAKT &ndash; Remote North","isPartOf":{"@id":"https:\/\/ncdp.se\/en\/#website"},"datePublished":"2020-04-24T18:33:42+00:00","dateModified":"2023-05-22T12:54:18+00:00","breadcrumb":{"@id":"https:\/\/ncdp.se\/kontakt\/#breadcrumb"},"inLanguage":"en-GB","potentialAction":[{"@type":"ReadAction","target":["https:\/\/ncdp.se\/kontakt\/"]}]},{"@type":"BreadcrumbList","@id":"https:\/\/ncdp.se\/kontakt\/#breadcrumb","itemListElement":[{"@type":"ListItem","position":1,"name":"Hem","item":"https:\/\/ncdp.se\/en\/"},{"@type":"ListItem","position":2,"name":"KONTAKT"}]},{"@type":"WebSite","@id":"https:\/\/ncdp.se\/en\/#website","url":"https:\/\/ncdp.se\/en\/","name":"Remote North","description":"Nordic Center for Digital Presence","publisher":{"@id":"https:\/\/ncdp.se\/en\/#organization"},"potentialAction":[{"@type":"SearchAction","target":{"@type":"EntryPoint","urlTemplate":"https:\/\/ncdp.se\/en\/?s={search_term_string}"},"query-input":"required name=search_term_string"}],"inLanguage":"en-GB"},{"@type":"Organization","@id":"https:\/\/ncdp.se\/en\/#organization","name":"Remote North\/NCDP","url":"https:\/\/ncdp.se\/en\/","logo":{"@type":"ImageObject","inLanguage":"en-GB","@id":"https:\/\/ncdp.se\/en\/#\/schema\/logo\/image\/","url":"https:\/\/ncdp.se\/wp-content\/uploads\/2020\/04\/2Resurs-2.png","contentUrl":"https:\/\/ncdp.se\/wp-content\/uploads\/2020\/04\/2Resurs-2.png","width":1776,"height":510,"caption":"Remote North\/NCDP"},"image":{"@id":"https:\/\/ncdp.se\/en\/#\/schema\/logo\/image\/"},"sameAs":["https:\/\/www.facebook.com\/NCDPremotenorth","https:\/\/www.youtube.com\/channel\/UCPNO33crZy2po9EkRo1akOg"]}]}},"_links":{"self":[{"href":"https:\/\/ncdp.se\/en\/wp-json\/wp\/v2\/pages\/21"}],"collection":[{"href":"https:\/\/ncdp.se\/en\/wp-json\/wp\/v2\/pages"}],"about":[{"href":"https:\/\/ncdp.se\/en\/wp-json\/wp\/v2\/types\/page"}],"author":[{"embeddable":true,"href":"https:\/\/ncdp.se\/en\/wp-json\/wp\/v2\/users\/1"}],"replies":[{"embeddable":true,"href":"https:\/\/ncdp.se\/en\/wp-json\/wp\/v2\/comments?post=21"}],"version-history":[{"count":25,"href":"https:\/\/ncdp.se\/en\/wp-json\/wp\/v2\/pages\/21\/revisions"}],"predecessor-version":[{"id":629,"href":"https:\/\/ncdp.se\/en\/wp-json\/wp\/v2\/pages\/21\/revisions\/629"}],"wp:attachment":[{"href":"https:\/\/ncdp.se\/en\/wp-json\/wp\/v2\/media?parent=21"}],"curies":[{"name":"wp","href":"https:\/\/api.w.org\/{rel}","templated":true}]}}