{"id":6,"date":"2020-04-24T20:08:02","date_gmt":"2020-04-24T18:08:02","guid":{"rendered":"http:\/\/ncdp.se\/?page_id=6"},"modified":"2023-01-30T15:16:30","modified_gmt":"2023-01-30T14:16:30","slug":"vad","status":"publish","type":"page","link":"https:\/\/ncdp.se\/en\/vad\/","title":{"rendered":"WHAT"},"content":{"rendered":"<p><strong>Nordic Community for Distributed Presence\/NCDP \u00e4r ett n\u00e4tverk av organisationer och akt\u00f6rer inom musikundervisning och scenkonst som utvecklat en teknik f\u00f6r tv\u00e5v\u00e4gskommunikation med l\u00e5g f\u00f6rdr\u00f6jning.<\/strong><\/p>\n\n\n\n<h2 class=\"wp-block-heading\">How does it work?<\/h2>\n\n\n\n<p><strong>What makes NCDP technology possible <\/strong>is that the bandwidth in our existing fibre optics net has multiplied by the thousands during the past years. As an example, fiber pairs delivered 10GB\/s at the beginning of the new millennium. That same pair can today send at 80 different wave-lengths times 400GB\/s. That\u2019s 3200 times the capacity in the same fibre pair. We therefore have an abundance of capacity in our national fibre network which means we don\u2019t need to compress sound or image signals. This minimises latency.&nbsp;<\/p>\n\n\n\n<p>I&nbsp; kombination med media router vilken omvandlar ljud och bildsignaler till optiska signaler, kan vi inom en radie av 50 mil skapa en p\u00e5taglig k\u00e4nsla av n\u00e4rvaro. Nationella akt\u00f6rer som Stockholms Musikpedagogiska Institut (SMI) samt ett 10-tal l\u00e4ros\u00e4ten i Norden samt Coventry University har redan anskaffat NCDP-specifik utrustning.<\/p>\n\n\n\n<h2 class=\"wp-block-heading\">What can we offer?<\/h2>\n\n\n\n<p><strong>Format for remote presence<\/strong><br><br><strong>1. Music Education:<\/strong>&nbsp;1-on-1 education via distance learning.<br><strong>2. Conferences, smaller-sized ensembles:<\/strong>&nbsp;several stages, rehearsals, performing arts.<br><strong>3. Theatres and concert halls:<\/strong>&nbsp;Large-scale theatres and concert halls are connected together in an environment with no perceivable delay.<\/p>\n\n\n\n<p>At present there are a dozen or so nodes throughout Scandinavia and approx. 130 organizations and universities waiting to utilize the technology. Development and expansion has been assisted by Scandinavian, national, regional and municipal funding in collaboration with Nordic operators and research networks as well as private and publicly owned telecom operators.<\/p>\n\n\n\n<h2 class=\"wp-block-heading\">What can the technology be used for?<\/h2>\n\n\n\n<p>We see enormous potential for this technology which can lead to new forms for performance artistry and other cultural activity, especially in rural areas. Smaller shires can access the culture that until today was only available in larger urban areas. The National Theatre has developed a format for smaller theatres where larger ensembles can be shared between tour sites and home stages. At a national level we see the possibility to create a cultural network that can deliver teaching, performance and community service with high quality. Because the format is designed to allow for two-way communication with extremely low latency it differs substantially from existing technology and formats such as Zoom and Skype.&nbsp;<\/p>\n\n\n\n<p>We gain access to all the creativity and competency that is available in larger and smaller municipalities i.e. producers of content can be located anywhere in a region or country and even collaborate over bordering countries. In the end we hope to see that distance-based presence will provide improvements in quality of life, productivity and growth in more rural societies.<\/p>\n\n\n\n<h2 class=\"wp-block-heading\">Who are the end users?<\/h2>\n\n\n\n<p>We have identified a number of stakeholders for this technical solution \u2013 from conference venues, community centres, stage theatres and cinemas to schools, universities and other adult education centres, associations and libraries. One valued target group is music and arts schools, for which this technology provides new possibilites for live remote teaching and artistic activity. For the music and arts schools this is an opportunity to increase access and participation, decrease travel and share teacher resources and competencies. Furthermore we hope to engage community centres of all types and other suitable stage venues that can utilize the same technology. This would for instance increase the National Theatre\u2019s capability to tour digitally to these venues.<br><br>By extension, the technology and format create great benefits for wider groups of children, young people, minorities and the elderly in sparsely populated areas, not least through the inclusive working and communication method the NCDP format results in.<\/p>","protected":false},"excerpt":{"rendered":"<p>Nordic Community for Distributed Presence\/NCDP \u00e4r ett n\u00e4tverk av organisationer och akt\u00f6rer inom musikundervisning och scenkonst som utvecklat en teknik f\u00f6r tv\u00e5v\u00e4gskommunikation med l\u00e5g f\u00f6rdr\u00f6jning. Hur fungerar det? Det som g\u00f6r NCDP tekniken m\u00f6jlig \u00e4r att bandbredden i befintligt fibern\u00e4t har tusenfaldigats de senaste \u00e5ren. Som j\u00e4mf\u00f6relse kan n\u00e4mnas att ett fiberpar i b\u00f6rjan av<\/p>\n<div><a class=\"btn-filled btn\" href=\"https:\/\/ncdp.se\/en\/vad\/\" title=\"WHAT\">Read More<\/a><\/div>","protected":false},"author":1,"featured_media":0,"parent":0,"menu_order":0,"comment_status":"closed","ping_status":"closed","template":"","meta":{"_monsterinsights_skip_tracking":false,"_monsterinsights_sitenote_active":false,"_monsterinsights_sitenote_note":"","_monsterinsights_sitenote_category":0},"yoast_head":"<!-- This site is optimized with the Yoast SEO plugin v20.11 - https:\/\/yoast.com\/wordpress\/plugins\/seo\/ -->\n<title>VAD &ndash; Remote North<\/title>\n<meta name=\"robots\" content=\"index, follow, max-snippet:-1, max-image-preview:large, max-video-preview:-1\" \/>\n<link rel=\"canonical\" href=\"https:\/\/ncdp.se\/en\/vad\/\" \/>\n<meta property=\"og:locale\" content=\"en_GB\" \/>\n<meta property=\"og:type\" content=\"article\" \/>\n<meta property=\"og:title\" content=\"VAD &ndash; Remote North\" \/>\n<meta property=\"og:description\" content=\"Nordic Community for Distributed Presence\/NCDP \u00e4r ett n\u00e4tverk av organisationer och akt\u00f6rer inom musikundervisning och scenkonst som utvecklat en teknik f\u00f6r tv\u00e5v\u00e4gskommunikation med l\u00e5g f\u00f6rdr\u00f6jning. Hur fungerar det? Det som g\u00f6r NCDP tekniken m\u00f6jlig \u00e4r att bandbredden i befintligt fibern\u00e4t har tusenfaldigats de senaste \u00e5ren. Som j\u00e4mf\u00f6relse kan n\u00e4mnas att ett fiberpar i b\u00f6rjan avRead More\" \/>\n<meta property=\"og:url\" content=\"https:\/\/ncdp.se\/en\/vad\/\" \/>\n<meta property=\"og:site_name\" content=\"Remote North\" \/>\n<meta property=\"article:publisher\" content=\"https:\/\/www.facebook.com\/NCDPremotenorth\" \/>\n<meta property=\"article:modified_time\" content=\"2023-01-30T14:16:30+00:00\" \/>\n<meta name=\"twitter:card\" content=\"summary_large_image\" \/>\n<meta name=\"twitter:label1\" content=\"Estimated reading time\" \/>\n\t<meta name=\"twitter:data1\" content=\"3 minutes\" \/>\n<script type=\"application\/ld+json\" class=\"yoast-schema-graph\">{\"@context\":\"https:\/\/schema.org\",\"@graph\":[{\"@type\":\"WebPage\",\"@id\":\"https:\/\/ncdp.se\/vad\/\",\"url\":\"https:\/\/ncdp.se\/vad\/\",\"name\":\"VAD &ndash; Remote North\",\"isPartOf\":{\"@id\":\"https:\/\/ncdp.se\/en\/#website\"},\"datePublished\":\"2020-04-24T18:08:02+00:00\",\"dateModified\":\"2023-01-30T14:16:30+00:00\",\"breadcrumb\":{\"@id\":\"https:\/\/ncdp.se\/vad\/#breadcrumb\"},\"inLanguage\":\"en-GB\",\"potentialAction\":[{\"@type\":\"ReadAction\",\"target\":[\"https:\/\/ncdp.se\/vad\/\"]}]},{\"@type\":\"BreadcrumbList\",\"@id\":\"https:\/\/ncdp.se\/vad\/#breadcrumb\",\"itemListElement\":[{\"@type\":\"ListItem\",\"position\":1,\"name\":\"Hem\",\"item\":\"https:\/\/ncdp.se\/en\/\"},{\"@type\":\"ListItem\",\"position\":2,\"name\":\"VAD\"}]},{\"@type\":\"WebSite\",\"@id\":\"https:\/\/ncdp.se\/en\/#website\",\"url\":\"https:\/\/ncdp.se\/en\/\",\"name\":\"Remote North\",\"description\":\"Nordic Center for Digital Presence\",\"publisher\":{\"@id\":\"https:\/\/ncdp.se\/en\/#organization\"},\"potentialAction\":[{\"@type\":\"SearchAction\",\"target\":{\"@type\":\"EntryPoint\",\"urlTemplate\":\"https:\/\/ncdp.se\/en\/?s={search_term_string}\"},\"query-input\":\"required name=search_term_string\"}],\"inLanguage\":\"en-GB\"},{\"@type\":\"Organization\",\"@id\":\"https:\/\/ncdp.se\/en\/#organization\",\"name\":\"Remote North\/NCDP\",\"url\":\"https:\/\/ncdp.se\/en\/\",\"logo\":{\"@type\":\"ImageObject\",\"inLanguage\":\"en-GB\",\"@id\":\"https:\/\/ncdp.se\/en\/#\/schema\/logo\/image\/\",\"url\":\"https:\/\/ncdp.se\/wp-content\/uploads\/2020\/04\/2Resurs-2.png\",\"contentUrl\":\"https:\/\/ncdp.se\/wp-content\/uploads\/2020\/04\/2Resurs-2.png\",\"width\":1776,\"height\":510,\"caption\":\"Remote North\/NCDP\"},\"image\":{\"@id\":\"https:\/\/ncdp.se\/en\/#\/schema\/logo\/image\/\"},\"sameAs\":[\"https:\/\/www.facebook.com\/NCDPremotenorth\",\"https:\/\/www.youtube.com\/channel\/UCPNO33crZy2po9EkRo1akOg\"]}]}<\/script>\n<!-- \/ Yoast SEO plugin. -->","yoast_head_json":{"title":"VAD &ndash; Remote North","robots":{"index":"index","follow":"follow","max-snippet":"max-snippet:-1","max-image-preview":"max-image-preview:large","max-video-preview":"max-video-preview:-1"},"canonical":"https:\/\/ncdp.se\/en\/vad\/","og_locale":"en_GB","og_type":"article","og_title":"VAD &ndash; Remote North","og_description":"Nordic Community for Distributed Presence\/NCDP \u00e4r ett n\u00e4tverk av organisationer och akt\u00f6rer inom musikundervisning och scenkonst som utvecklat en teknik f\u00f6r tv\u00e5v\u00e4gskommunikation med l\u00e5g f\u00f6rdr\u00f6jning. Hur fungerar det? Det som g\u00f6r NCDP tekniken m\u00f6jlig \u00e4r att bandbredden i befintligt fibern\u00e4t har tusenfaldigats de senaste \u00e5ren. Som j\u00e4mf\u00f6relse kan n\u00e4mnas att ett fiberpar i b\u00f6rjan avRead More","og_url":"https:\/\/ncdp.se\/en\/vad\/","og_site_name":"Remote North","article_publisher":"https:\/\/www.facebook.com\/NCDPremotenorth","article_modified_time":"2023-01-30T14:16:30+00:00","twitter_card":"summary_large_image","twitter_misc":{"Estimated reading time":"3 minutes"},"schema":{"@context":"https:\/\/schema.org","@graph":[{"@type":"WebPage","@id":"https:\/\/ncdp.se\/vad\/","url":"https:\/\/ncdp.se\/vad\/","name":"VAD &ndash; Remote North","isPartOf":{"@id":"https:\/\/ncdp.se\/en\/#website"},"datePublished":"2020-04-24T18:08:02+00:00","dateModified":"2023-01-30T14:16:30+00:00","breadcrumb":{"@id":"https:\/\/ncdp.se\/vad\/#breadcrumb"},"inLanguage":"en-GB","potentialAction":[{"@type":"ReadAction","target":["https:\/\/ncdp.se\/vad\/"]}]},{"@type":"BreadcrumbList","@id":"https:\/\/ncdp.se\/vad\/#breadcrumb","itemListElement":[{"@type":"ListItem","position":1,"name":"Hem","item":"https:\/\/ncdp.se\/en\/"},{"@type":"ListItem","position":2,"name":"VAD"}]},{"@type":"WebSite","@id":"https:\/\/ncdp.se\/en\/#website","url":"https:\/\/ncdp.se\/en\/","name":"Remote North","description":"Nordic Center for Digital Presence","publisher":{"@id":"https:\/\/ncdp.se\/en\/#organization"},"potentialAction":[{"@type":"SearchAction","target":{"@type":"EntryPoint","urlTemplate":"https:\/\/ncdp.se\/en\/?s={search_term_string}"},"query-input":"required name=search_term_string"}],"inLanguage":"en-GB"},{"@type":"Organization","@id":"https:\/\/ncdp.se\/en\/#organization","name":"Remote North\/NCDP","url":"https:\/\/ncdp.se\/en\/","logo":{"@type":"ImageObject","inLanguage":"en-GB","@id":"https:\/\/ncdp.se\/en\/#\/schema\/logo\/image\/","url":"https:\/\/ncdp.se\/wp-content\/uploads\/2020\/04\/2Resurs-2.png","contentUrl":"https:\/\/ncdp.se\/wp-content\/uploads\/2020\/04\/2Resurs-2.png","width":1776,"height":510,"caption":"Remote North\/NCDP"},"image":{"@id":"https:\/\/ncdp.se\/en\/#\/schema\/logo\/image\/"},"sameAs":["https:\/\/www.facebook.com\/NCDPremotenorth","https:\/\/www.youtube.com\/channel\/UCPNO33crZy2po9EkRo1akOg"]}]}},"_links":{"self":[{"href":"https:\/\/ncdp.se\/en\/wp-json\/wp\/v2\/pages\/6"}],"collection":[{"href":"https:\/\/ncdp.se\/en\/wp-json\/wp\/v2\/pages"}],"about":[{"href":"https:\/\/ncdp.se\/en\/wp-json\/wp\/v2\/types\/page"}],"author":[{"embeddable":true,"href":"https:\/\/ncdp.se\/en\/wp-json\/wp\/v2\/users\/1"}],"replies":[{"embeddable":true,"href":"https:\/\/ncdp.se\/en\/wp-json\/wp\/v2\/comments?post=6"}],"version-history":[{"count":21,"href":"https:\/\/ncdp.se\/en\/wp-json\/wp\/v2\/pages\/6\/revisions"}],"predecessor-version":[{"id":574,"href":"https:\/\/ncdp.se\/en\/wp-json\/wp\/v2\/pages\/6\/revisions\/574"}],"wp:attachment":[{"href":"https:\/\/ncdp.se\/en\/wp-json\/wp\/v2\/media?parent=6"}],"curies":[{"name":"wp","href":"https:\/\/api.w.org\/{rel}","templated":true}]}}