{"id":8,"date":"2020-04-24T20:16:15","date_gmt":"2020-04-24T18:16:15","guid":{"rendered":"http:\/\/ncdp.se\/?page_id=8"},"modified":"2021-04-01T16:39:02","modified_gmt":"2021-04-01T14:39:02","slug":"medlemmar","status":"publish","type":"page","link":"https:\/\/ncdp.se\/en\/medlemmar\/","title":{"rendered":"MEMBERS"},"content":{"rendered":"<p>Are you interested in joining? <a href=\"https:\/\/ncdp.se\/en\/kontakt\/\">Contact us!<\/a><\/p>\n\n\n\n<hr class=\"wp-block-separator\"\/>\n\n\n\n<h2 class=\"wp-block-heading\">THE MEMBERS AS A MAP<\/h2>\n\n\n\n<iframe loading=\"lazy\" src=\"https:\/\/www.google.com\/maps\/d\/embed?mid=1pjJIM2znkicUC7km8z3c4tGMN8StU2lz\" width=\"640\" height=\"480\"><\/iframe>\n\n\n\n<hr class=\"wp-block-separator\"\/>\n\n\n\n<h2 class=\"wp-block-heading\">THE MEMBERS IN A LIST<\/h2>\n\n\n\n<h3 class=\"wp-block-heading\"><strong>Denmark<\/strong><\/h3>\n\n\n\n<p>Aalborg Kulturskole<br>Aller\u00f8d Musikskole<br>Bornholms Kulturskole<br>Egedal Musikskole<br>Glostrup Musikskole<br>H\u00f8rsholm Musikskole<br>K\u00f8ge Musikskole<br>Kolding musikskole<br>Kulturskolen Skanderborg<br>Kulturskolen Viborg<br>Kulturv\u00e6rftet<br>Lejre musikskole<br>Musikskolen i Frederikshavn Kommune<br>Musikskolen Ringk\u00f8bing-Skjern<br>Musikskolen Vejle Kommune<br>Odense Musikskole<\/p>\n\n\n\n<h3 class=\"wp-block-heading\"><strong>Estonia<\/strong><\/h3>\n\n\n\n<p>University of Tartu Viljandi Culture Academy<\/p>\n\n\n\n<h3 class=\"wp-block-heading\"><strong>Finland<\/strong><\/h3>\n\n\n\n<p>Centralf\u00f6rbundet f\u00f6r Finlands Svenska Teaterorganisationer r.f.<br>Degree program in Theatre Arts, University off Tampere<br>Filmhuset Bio Savoy Ab<br>FINFRINGE<br>Hang\u00f6 teatertr\u00e4ff<br>Helsinki University of the Arts, Sibelius-Academy<br>Kirkkonummen musiikkiopisto-Kyrksl\u00e4tts musikinstitut<br>Kokkolan kaupunginteatteri \/ Karleby Stadsteater<br>Korsholms musikinstitut<br>Kuopion konservatorio \/ Kuopio conservatory<br>Kuula-institutet<br>Musikinstitutet Kungsv\u00e4gen<br>Musikinstitutet Legato<br>Oblivia rf<br>Sibelius Academy, University of the Arts<br>Tampere University of Applied Sciences<br>The Centre for Practice as Research in Theatre T7<br>Turku Science Park Oy<br>Unga Teatern<br>Wasa Teater<br>Yrkesh\u00f6gskolan Novia<br>\u00c5bo filharmoniska orkester<br>\u00c5bo Svenska Teater<\/p>\n\n\n\n<h3 class=\"wp-block-heading\"><strong>Greenland<\/strong><\/h3>\n\n\n\n<p>Ilisimatusarfik\/University of Greenland<br>Katuaq Gr\u00f8nlands Kulturhus<br>The National Theatre of Greenland<\/p>\n\n\n\n<h3 class=\"wp-block-heading\"><strong>Iceland<\/strong><\/h3>\n\n\n\n<p>Borgarholtssk\u00f3li<br>Menntask\u00f3linn \u00ed T\u00f3nlist<br>T\u00f3nlistarsk\u00f3li \u00c1rb\u00e6jar<br>T\u00f3nlistarsk\u00f3linn \u00e1 Akureyri<\/p>\n\n\n\n<h3 class=\"wp-block-heading\"><strong>Norway<\/strong><\/h3>\n\n\n\n<p>Det Samiske Nasjonalteatret Beaivv\u00e1\u0161<br>Kulturskolen i Fredrikstad<br>Lillehammer University College<br>Molde kulturskole<br>Norges Musikkh\u00f8gskole<br>NTNU Institutt for musikk<br>\u00d8ksnes kulturskole<br>Rana Kulturskole<br>R\u00f8d\u00f8y Kommunale Musikkskole<br>Sunndal kulturskole<br>Tynset kulturskole<br>Universitetet i Oslo, Institutt for musikkvitenskap<\/p>\n\n\n\n<h3 class=\"wp-block-heading\"><strong>Sweden<\/strong><\/h3>\n\n\n\n<p>Arboga kulturskola<br>ArtPlant ekr<br>Be Licensed<br>Betaniastiftelsen<br>Centerpartiet i Uppsala<br>Compodium International AB<br>Eksj\u00f6 Kulturskola<br>Esl\u00f6vs kulturskola<br>Finlandsinstitutet<br>Giron S\u00e1mi Te\u00e1hter<br>Gnosj\u00f6 Musikskola<br>G\u00f6teborgs Symfoniker<br>Gurstad Music<br>Hagfors kommun<br>H\u00e4rjedalens Kulturskola<br>H\u00f6gskolan Dalarna<br>Knopster<br>KTH Kungl Tekniska h\u00f6gskolan, Medieteknik och interaktionsdesign<br>Kulturskolan Askim-Fr\u00f6lunda-H\u00f6gsbo, G\u00f6teborg<br>Kulturskolan Enk\u00f6ping<br>Kulturskolan i Br\u00e4cke kommun<br>Kulturskolan i Landskrona<br>Kulturskolan i Nyn\u00e4shamn<br>Kulturskolan Kramfors<br>Kulturskolan Krokom<br>Kulturskolan Lund<br>Kulturskolan Mj\u00f6lby kommun<br>Kulturskolan Norsj\u00f6 kommun<br>Kulturskolan Skurup<br>Kulturskolan \u00d6rnsk\u00f6ldsvik <br>Musik i Dalarna<br>Musik i Syd\/Palladium Malm\u00f6<br>Musikskolan Lilla Akademien<br>NEP Sweden AB<br>Net Insight AB<br>Nordanstigs Kulturverkstad<br>Nordisk Musik Union<br>Norra V\u00e4tterns Musikskola<br>Nybro Kulturskola<br>Operah\u00f6gskolan-Stockholms konstn\u00e4rliga h\u00f6gskola<br>PlayAlong AB<br>Regional kulturskola i V\u00e4stmanland<br>Riksorganisationen Hela Sverige ska leva<br>The National Theatre (Riksteatern)<br>Riksteatern Dalarna<br>Riksteatern Halland<br>RUM \u2013 Riksf\u00f6rbundet Unga Musikanter<br>Sigtuna kulturskola<br>Sj\u00f6bo kulturskola<br>Skellefte\u00e5 kommun <br>Slottehubben, Ljusdal<br>Sm\u00e5lands Musik och Teater<br>SMI (Stockholms Musikpedagogiska Institut)<br>Sollentuna Kulturskola<br>Stiftelsen Folkets Hubb<br>Str\u00f6msunds Kulturskola<br>Studio Acusticum<br>Stureplan Musik-kulturskola<br>Sveriges Spelm\u00e4ns Riksf\u00f6rbund (SSR)<br>SVT<br>Teater Prego<br>Tekniska museet<br>Tran\u00e5s Kulturskola<br>Tranemo Kulturskola<br>Trosa Folketshusf\u00f6rening<br>Trosa kulturskola<br>Ulriksdals slottsteater Confidencen<br>Vadstena-Akademien<br>V\u00e5rg\u00e5rda Musikskola<br>V\u00e4sterbottensteatern AB<br>Vattn\u00e4s Konsertlada<\/p>\n\n\n\n<h3 class=\"wp-block-heading\"><strong>UK<\/strong><\/h3>\n\n\n\n<p>Coventry University<\/p>\n\n\n\n<h3 class=\"wp-block-heading\"><strong>\u00c5land<\/strong><\/h3>\n\n\n\n<p>Bio Savoy<br>Nordens institut p\u00e5 \u00c5land<br>\u00c5lands musikinstitut<\/p>","protected":false},"excerpt":{"rendered":"<p>\u00c4r du intresserad av att bli medlem? Kontakta oss! MEDLEMMAR P\u00c5 KARTA MEDLEMMAR I BOKSTAVSORDNING Danmark Aalborg KulturskoleAller\u00f8d MusikskoleBornholms KulturskoleEgedal MusikskoleGlostrup MusikskoleH\u00f8rsholm MusikskoleK\u00f8ge MusikskoleKolding musikskoleKulturskolen SkanderborgKulturskolen ViborgKulturv\u00e6rftetLejre musikskoleMusikskolen i Frederikshavn KommuneMusikskolen Ringk\u00f8bing-SkjernMusikskolen Vejle KommuneOdense Musikskole Estland University of Tartu Viljandi Culture Academy Finland Centralf\u00f6rbundet f\u00f6r Finlands Svenska Teaterorganisationer r.f.Degree program in Theatre Arts, University off<\/p>\n<div><a class=\"btn-filled btn\" href=\"https:\/\/ncdp.se\/en\/medlemmar\/\" title=\"MEMBERS\">Read More<\/a><\/div>","protected":false},"author":1,"featured_media":0,"parent":0,"menu_order":0,"comment_status":"closed","ping_status":"closed","template":"","meta":{"_monsterinsights_skip_tracking":false,"_monsterinsights_sitenote_active":false,"_monsterinsights_sitenote_note":"","_monsterinsights_sitenote_category":0},"yoast_head":"<!-- This site is optimized with the Yoast SEO plugin v20.11 - https:\/\/yoast.com\/wordpress\/plugins\/seo\/ -->\n<title>MEDLEMMAR &ndash; Remote North<\/title>\n<meta name=\"robots\" content=\"index, follow, max-snippet:-1, max-image-preview:large, max-video-preview:-1\" \/>\n<link rel=\"canonical\" href=\"https:\/\/ncdp.se\/en\/medlemmar\/\" \/>\n<meta property=\"og:locale\" content=\"en_GB\" \/>\n<meta property=\"og:type\" content=\"article\" \/>\n<meta property=\"og:title\" content=\"MEDLEMMAR &ndash; Remote North\" \/>\n<meta property=\"og:description\" content=\"\u00c4r du intresserad av att bli medlem? Kontakta oss! MEDLEMMAR P\u00c5 KARTA MEDLEMMAR I BOKSTAVSORDNING Danmark Aalborg KulturskoleAller\u00f8d MusikskoleBornholms KulturskoleEgedal MusikskoleGlostrup MusikskoleH\u00f8rsholm MusikskoleK\u00f8ge MusikskoleKolding musikskoleKulturskolen SkanderborgKulturskolen ViborgKulturv\u00e6rftetLejre musikskoleMusikskolen i Frederikshavn KommuneMusikskolen Ringk\u00f8bing-SkjernMusikskolen Vejle KommuneOdense Musikskole Estland University of Tartu Viljandi Culture Academy Finland Centralf\u00f6rbundet f\u00f6r Finlands Svenska Teaterorganisationer r.f.Degree program in Theatre Arts, University offRead More\" \/>\n<meta property=\"og:url\" content=\"https:\/\/ncdp.se\/en\/medlemmar\/\" \/>\n<meta property=\"og:site_name\" content=\"Remote North\" \/>\n<meta property=\"article:publisher\" content=\"https:\/\/www.facebook.com\/NCDPremotenorth\" \/>\n<meta property=\"article:modified_time\" content=\"2021-04-01T14:39:02+00:00\" \/>\n<meta name=\"twitter:card\" content=\"summary_large_image\" \/>\n<meta name=\"twitter:label1\" content=\"Estimated reading time\" \/>\n\t<meta name=\"twitter:data1\" content=\"2 minutes\" \/>\n<script type=\"application\/ld+json\" class=\"yoast-schema-graph\">{\"@context\":\"https:\/\/schema.org\",\"@graph\":[{\"@type\":\"WebPage\",\"@id\":\"https:\/\/ncdp.se\/medlemmar\/\",\"url\":\"https:\/\/ncdp.se\/medlemmar\/\",\"name\":\"MEDLEMMAR &ndash; Remote North\",\"isPartOf\":{\"@id\":\"https:\/\/ncdp.se\/en\/#website\"},\"datePublished\":\"2020-04-24T18:16:15+00:00\",\"dateModified\":\"2021-04-01T14:39:02+00:00\",\"breadcrumb\":{\"@id\":\"https:\/\/ncdp.se\/medlemmar\/#breadcrumb\"},\"inLanguage\":\"en-GB\",\"potentialAction\":[{\"@type\":\"ReadAction\",\"target\":[\"https:\/\/ncdp.se\/medlemmar\/\"]}]},{\"@type\":\"BreadcrumbList\",\"@id\":\"https:\/\/ncdp.se\/medlemmar\/#breadcrumb\",\"itemListElement\":[{\"@type\":\"ListItem\",\"position\":1,\"name\":\"Hem\",\"item\":\"https:\/\/ncdp.se\/en\/\"},{\"@type\":\"ListItem\",\"position\":2,\"name\":\"MEDLEMMAR\"}]},{\"@type\":\"WebSite\",\"@id\":\"https:\/\/ncdp.se\/en\/#website\",\"url\":\"https:\/\/ncdp.se\/en\/\",\"name\":\"Remote North\",\"description\":\"Nordic Center for Digital Presence\",\"publisher\":{\"@id\":\"https:\/\/ncdp.se\/en\/#organization\"},\"potentialAction\":[{\"@type\":\"SearchAction\",\"target\":{\"@type\":\"EntryPoint\",\"urlTemplate\":\"https:\/\/ncdp.se\/en\/?s={search_term_string}\"},\"query-input\":\"required name=search_term_string\"}],\"inLanguage\":\"en-GB\"},{\"@type\":\"Organization\",\"@id\":\"https:\/\/ncdp.se\/en\/#organization\",\"name\":\"Remote North\/NCDP\",\"url\":\"https:\/\/ncdp.se\/en\/\",\"logo\":{\"@type\":\"ImageObject\",\"inLanguage\":\"en-GB\",\"@id\":\"https:\/\/ncdp.se\/en\/#\/schema\/logo\/image\/\",\"url\":\"https:\/\/ncdp.se\/wp-content\/uploads\/2020\/04\/2Resurs-2.png\",\"contentUrl\":\"https:\/\/ncdp.se\/wp-content\/uploads\/2020\/04\/2Resurs-2.png\",\"width\":1776,\"height\":510,\"caption\":\"Remote North\/NCDP\"},\"image\":{\"@id\":\"https:\/\/ncdp.se\/en\/#\/schema\/logo\/image\/\"},\"sameAs\":[\"https:\/\/www.facebook.com\/NCDPremotenorth\",\"https:\/\/www.youtube.com\/channel\/UCPNO33crZy2po9EkRo1akOg\"]}]}<\/script>\n<!-- \/ Yoast SEO plugin. -->","yoast_head_json":{"title":"MEDLEMMAR &ndash; Remote North","robots":{"index":"index","follow":"follow","max-snippet":"max-snippet:-1","max-image-preview":"max-image-preview:large","max-video-preview":"max-video-preview:-1"},"canonical":"https:\/\/ncdp.se\/en\/medlemmar\/","og_locale":"en_GB","og_type":"article","og_title":"MEDLEMMAR &ndash; Remote North","og_description":"\u00c4r du intresserad av att bli medlem? Kontakta oss! MEDLEMMAR P\u00c5 KARTA MEDLEMMAR I BOKSTAVSORDNING Danmark Aalborg KulturskoleAller\u00f8d MusikskoleBornholms KulturskoleEgedal MusikskoleGlostrup MusikskoleH\u00f8rsholm MusikskoleK\u00f8ge MusikskoleKolding musikskoleKulturskolen SkanderborgKulturskolen ViborgKulturv\u00e6rftetLejre musikskoleMusikskolen i Frederikshavn KommuneMusikskolen Ringk\u00f8bing-SkjernMusikskolen Vejle KommuneOdense Musikskole Estland University of Tartu Viljandi Culture Academy Finland Centralf\u00f6rbundet f\u00f6r Finlands Svenska Teaterorganisationer r.f.Degree program in Theatre Arts, University offRead More","og_url":"https:\/\/ncdp.se\/en\/medlemmar\/","og_site_name":"Remote North","article_publisher":"https:\/\/www.facebook.com\/NCDPremotenorth","article_modified_time":"2021-04-01T14:39:02+00:00","twitter_card":"summary_large_image","twitter_misc":{"Estimated reading time":"2 minutes"},"schema":{"@context":"https:\/\/schema.org","@graph":[{"@type":"WebPage","@id":"https:\/\/ncdp.se\/medlemmar\/","url":"https:\/\/ncdp.se\/medlemmar\/","name":"MEDLEMMAR &ndash; Remote North","isPartOf":{"@id":"https:\/\/ncdp.se\/en\/#website"},"datePublished":"2020-04-24T18:16:15+00:00","dateModified":"2021-04-01T14:39:02+00:00","breadcrumb":{"@id":"https:\/\/ncdp.se\/medlemmar\/#breadcrumb"},"inLanguage":"en-GB","potentialAction":[{"@type":"ReadAction","target":["https:\/\/ncdp.se\/medlemmar\/"]}]},{"@type":"BreadcrumbList","@id":"https:\/\/ncdp.se\/medlemmar\/#breadcrumb","itemListElement":[{"@type":"ListItem","position":1,"name":"Hem","item":"https:\/\/ncdp.se\/en\/"},{"@type":"ListItem","position":2,"name":"MEDLEMMAR"}]},{"@type":"WebSite","@id":"https:\/\/ncdp.se\/en\/#website","url":"https:\/\/ncdp.se\/en\/","name":"Remote North","description":"Nordic Center for Digital Presence","publisher":{"@id":"https:\/\/ncdp.se\/en\/#organization"},"potentialAction":[{"@type":"SearchAction","target":{"@type":"EntryPoint","urlTemplate":"https:\/\/ncdp.se\/en\/?s={search_term_string}"},"query-input":"required name=search_term_string"}],"inLanguage":"en-GB"},{"@type":"Organization","@id":"https:\/\/ncdp.se\/en\/#organization","name":"Remote North\/NCDP","url":"https:\/\/ncdp.se\/en\/","logo":{"@type":"ImageObject","inLanguage":"en-GB","@id":"https:\/\/ncdp.se\/en\/#\/schema\/logo\/image\/","url":"https:\/\/ncdp.se\/wp-content\/uploads\/2020\/04\/2Resurs-2.png","contentUrl":"https:\/\/ncdp.se\/wp-content\/uploads\/2020\/04\/2Resurs-2.png","width":1776,"height":510,"caption":"Remote North\/NCDP"},"image":{"@id":"https:\/\/ncdp.se\/en\/#\/schema\/logo\/image\/"},"sameAs":["https:\/\/www.facebook.com\/NCDPremotenorth","https:\/\/www.youtube.com\/channel\/UCPNO33crZy2po9EkRo1akOg"]}]}},"_links":{"self":[{"href":"https:\/\/ncdp.se\/en\/wp-json\/wp\/v2\/pages\/8"}],"collection":[{"href":"https:\/\/ncdp.se\/en\/wp-json\/wp\/v2\/pages"}],"about":[{"href":"https:\/\/ncdp.se\/en\/wp-json\/wp\/v2\/types\/page"}],"author":[{"embeddable":true,"href":"https:\/\/ncdp.se\/en\/wp-json\/wp\/v2\/users\/1"}],"replies":[{"embeddable":true,"href":"https:\/\/ncdp.se\/en\/wp-json\/wp\/v2\/comments?post=8"}],"version-history":[{"count":23,"href":"https:\/\/ncdp.se\/en\/wp-json\/wp\/v2\/pages\/8\/revisions"}],"predecessor-version":[{"id":494,"href":"https:\/\/ncdp.se\/en\/wp-json\/wp\/v2\/pages\/8\/revisions\/494"}],"wp:attachment":[{"href":"https:\/\/ncdp.se\/en\/wp-json\/wp\/v2\/media?parent=8"}],"curies":[{"name":"wp","href":"https:\/\/api.w.org\/{rel}","templated":true}]}}